{"id":4228,"date":"2025-04-21T16:55:26","date_gmt":"2025-04-21T08:55:26","guid":{"rendered":"https:\/\/befriend.cc\/community-richtlinien\/"},"modified":"2025-09-30T13:22:21","modified_gmt":"2025-09-30T05:22:21","slug":"community-richtlinien","status":"publish","type":"page","link":"https:\/\/befriend.cc\/de\/community-richtlinien\/","title":{"rendered":"Community-Richtlinien"},"content":{"rendered":"\t\t<div data-elementor-type=\"wp-page\" data-elementor-id=\"4228\" class=\"elementor elementor-4228 elementor-268\">\n\t\t\t\t<div class=\"elementor-element elementor-element-51ab212 e-flex e-con-boxed e-con e-parent\" data-id=\"51ab212\" data-element_type=\"container\" data-e-type=\"container\" data-settings=\"{&quot;background_background&quot;:&quot;classic&quot;}\">\n\t\t\t\t\t<div class=\"e-con-inner\">\n\t\t\t\t<div class=\"elementor-element elementor-element-c2902e0 elementor-widget elementor-widget-heading\" data-id=\"c2902e0\" data-element_type=\"widget\" data-e-type=\"widget\" data-widget_type=\"heading.default\">\n\t\t\t\t\t<h2 class=\"elementor-heading-title elementor-size-default\">Community-Richtlinien<\/h2>\t\t\t\t<\/div>\n\t\t\t\t\t<\/div>\n\t\t\t\t<\/div>\n\t\t<div class=\"elementor-element elementor-element-f6c8d93 e-flex e-con-boxed e-con e-parent\" data-id=\"f6c8d93\" data-element_type=\"container\" data-e-type=\"container\">\n\t\t\t\t\t<div class=\"e-con-inner\">\n\t\t\t\t<div class=\"elementor-element elementor-element-6e12038 elementor-widget elementor-widget-text-editor\" data-id=\"6e12038\" data-element_type=\"widget\" data-e-type=\"widget\" data-widget_type=\"text-editor.default\">\n\t\t\t\t\t\t\t\t\t<p style=\"font-family: -apple-system,;\">BeFriend ist eine globale Community, und wir setzen uns daf\u00fcr ein, einen Online-Raum zu schaffen, in dem sich Einzelpersonen wirklich mit neuen Leuten verbinden und neue Freunde finden k\u00f6nnen, sicher und gesch\u00fctzt. Wir haben diese Richtlinien erstellt, um sicherzustellen, dass jeder Benutzer eine sichere und positive Erfahrung auf BeFriend hat. Jeder Versto\u00df gegen diese Richtlinien kann zu einem dauerhaften Kontoausschluss von BeFriend f\u00fchren.  <\/p><p style=\"font-family: -apple-system, 'system-ui'; color: #000000;\"><span style=\"font-weight: 600; font-family: -apple-system, BlinkMacSystemFont, sans-serif;\">Sei respektvoll<\/span><br>Wir haben eine Null-Toleranz-Politik f\u00fcr beleidigende Inhalte und missbr\u00e4uchliches Verhalten. Mobbing, Bel\u00e4stigung, Diskriminierung und unangemessene Inhalte sind auf BeFriend strengstens untersagt. Wir nehmen diese Richtlinie sehr ernst und haben spezifische Moderationsverfahren f\u00fcr gemeldete Benutzer und Inhalte eingerichtet. Benutzer werden ermutigt, zur Sicherheit von BeFriend beizutragen, indem sie Benutzer melden oder blockieren, die gegen diese Richtlinie versto\u00dfen. Gemeldete Inhalte werden sofort entfernt, bis sie \u00fcberpr\u00fcft wurden. Konversationen mit blockierten Benutzern werden zusammen mit jeder Art von Profileinbindung entfernt. Wenn Sie sehen, dass jemand gegen die Regeln auf BeFriend verst\u00f6\u00dft, melden Sie ihn \u00fcber die Schaltfl\u00e4che Blockieren\/Melden, und wir k\u00fcmmern uns darum. Im Abschnitt \u201eAnleitung\u201c unten finden Sie eine Schritt-f\u00fcr-Schritt-Anleitung zum Melden und Blockieren auf BeFriend.       <\/p><p style=\"font-family: -apple-system, 'system-ui', sans-serif; color: #000000; font-size: 16px;\">Dinge, die auf BeFriend NICHT erlaubt sind:<\/p><ul style=\"color: #000000; font-family: -apple-system, 'system-ui', sans-serif; font-size: 16px;\"><li>Pornografische oder sexuell eindeutige Inhalte<\/li><li>Nackte, Unterw\u00e4sche oder anz\u00fcgliche Bilder<\/li><li>F\u00f6rderung von Gewalt wie z. B. Gewaltakte, Waffen, Messer oder andere Waffen<\/li><li>Blutige und grafische Bilder<\/li><li>Bilder, die Drogen oder Drogenkonsum f\u00f6rdern<\/li><li>Marktplatzaktivit\u00e4ten wie Premium<\/li><li>Snapchat-Konten oder der Verkauf von irgendetwas jeglicher Art<\/li><li>Behauptung, Nacktbilder zu senden oder zu suchen<\/li><li>Hassreden oder anderes missbr\u00e4uchliches Verhalten<\/li><li>Jegliche illegale Aktivit\u00e4t oder F\u00f6rderung illegaler Aktivit\u00e4ten<\/li><\/ul><p style=\"font-family: -apple-system, 'system-ui', sans-serif; color: #000000; font-size: 16px;\"><span style=\"font-weight: 600; font-family: -apple-system, BlinkMacSystemFont, sans-serif;\">Sexuell eindeutige Inhalte<br><\/span><br>BeFriend hat eine Null-Toleranz-Politik f\u00fcr Benutzer, die pornografische Inhalte f\u00f6rdern und\/oder verbreiten. Das Speichern, Anfordern und\/oder Drohen mit dem Posten von eindeutigen Inhalten ist strengstens untersagt. <\/p><p style=\"font-family: -apple-system, 'system-ui', sans-serif; color: #000000; font-size: 16px;\"><span style=\"font-weight: 600; font-family: -apple-system, BlinkMacSystemFont, sans-serif;\">Spam<\/span><br>Spam, Bot-Aktivit\u00e4ten und betr\u00fcgerische Praktiken sind auf BeFriend nicht erlaubt. Um diese Richtlinie durchzusetzen, erlauben wir keine Bilder oder Links jeglicher Art, die in Direktnachrichten gesendet werden. Spam- und bot\u00e4hnliche Nachrichten werden auch unserem System gemeldet und blockiert, bevor sie vom Endbenutzer empfangen werden. Helfen Sie mit, BeFriend sicher zu halten, indem Sie Benutzer und Inhalte melden, von denen Sie vermuten, dass es sich um Spam handelt, indem Sie auf \u201eMelden\u201c tippen. Alle Konten, die gegen diese Richtlinie versto\u00dfen, werden gek\u00fcndigt.    <\/p><p style=\"font-family: -apple-system, 'system-ui', sans-serif; color: #000000; font-size: 16px;\"><span style=\"font-weight: 600; font-family: -apple-system, BlinkMacSystemFont, sans-serif;\">Identit\u00e4tsdiebstahl<\/span><br>Jeder Versuch, sich als andere auszugeben, ist strengstens untersagt. Dies umfasst jede Art von T\u00e4uschung dar\u00fcber, wer Sie sind, sei es das L\u00fcgen \u00fcber Ihr Alter, Ihren Namen, die Verwendung der Fotos einer anderen Person und jede andere Art von T\u00e4uschung. Helfen Sie mit, BeFriend sicher zu halten, indem Sie Benutzer melden, von denen Sie vermuten, dass sie vorgeben, jemand zu sein, der sie nicht sind, indem Sie auf \u201eMelden\u201c tippen. Alle Konten, die gegen diese Richtlinie versto\u00dfen, werden gek\u00fcndigt.   <\/p><p style=\"font-family: -apple-system, 'system-ui', sans-serif; color: #000000; font-size: 16px;\"><span style=\"font-weight: 600; font-family: -apple-system, BlinkMacSystemFont, sans-serif;\">Befolge das Gesetz<\/span><br>Illegale Aktivit\u00e4ten jeglicher Art sind auf BeFriend untersagt. Sicherheit hat f\u00fcr uns oberste Priorit\u00e4t. Bitte beteiligen Sie sich niemals an Aktivit\u00e4ten oder posten Sie Inhalte der folgenden Art: Drohungen, Drogen, Waffen, Gewalt, minderj\u00e4hrige Benutzer, sexuelle Dienstleistungen, Hassreden, Diskriminierung, Identit\u00e4tsdiebstahl, Verkauf oder F\u00f6rderung illegaler Dienstleistungen. Benutzer werden ermutigt, die In-App-Meldefunktion f\u00fcr jeden vermuteten minderj\u00e4hrigen Benutzer zu verwenden, der BeFriend m\u00f6glicherweise unrechtm\u00e4\u00dfig nutzt.   <\/p><p style=\"font-family: -apple-system, 'system-ui', sans-serif; color: #000000; font-size: 16px;\"><span style=\"font-weight: 600; font-family: -apple-system, BlinkMacSystemFont, sans-serif;\">Krisen-SMS-Hotline<\/span><br>BeFriend ist ein Ort, an dem Sie Ihr wahres Selbst sein k\u00f6nnen. Wir f\u00f6rdern alle Arten von Selbstdarstellung und ermutigen Benutzer, ehrliche und authentische Gespr\u00e4che zu f\u00fchren. Wenn Sie oder jemand, den Sie auf BeFriend treffen, Stress, Angstzust\u00e4nde, Depressionen versp\u00fcren oder einfach nur jemanden zum Reden brauchen, senden Sie eine SMS mit HELLO an 741741, um rund um die Uhr kostenlos mit einem ausgebildeten Krisenberater zu chatten.  <\/p><p style=\"font-family: -apple-system, 'system-ui', sans-serif; color: #000000; font-size: 16px;\"><span style=\"font-weight: 600; font-family: -apple-system, BlinkMacSystemFont, sans-serif;\">Anleitung:<\/span><br>WIE MAN JEMANDEN \u00dcBER SEIN PROFIL MELDET \/ BLOCKIERT<br>Sie k\u00f6nnen jedes Konto, das unangemessene Inhalte, Missbrauch oder Spam verbreitet oder f\u00f6rdert, oder alles andere, was nicht unseren Community-Richtlinien entspricht, direkt von der Profilseite aus melden \/ blockieren. Alle Berichte sind sicher und Ihre Daten werden niemals an die Person weitergegeben, die Sie melden. So melden \/ blockieren Sie jemanden von seiner Profilseite aus:  <\/p><ul style=\"color: #000000; font-family: -apple-system, 'system-ui', sans-serif; font-size: 16px;\"><li>Tippen Sie auf das Melde-Emoji in der unteren rechten Ecke jeder Profilkarte<\/li><li>Tippen Sie auf \u201eMelden\u201c oder \u201eBlockieren\u201c<\/li><li>Tippen Sie auf das Melde-Emoji in der oberen rechten Ecke des Chat-Bildschirms<\/li><li>Tippen Sie auf \u201eMelden\u201c oder \u201eBlockieren\u201c<\/li><\/ul><p>Wir m\u00f6chten noch einmal betonen, wie wichtig es f\u00fcr die Benutzer ist, alle Konten zu melden, die gegen eine der oben genannten Richtlinien versto\u00dfen. Ihre Berichte sind sehr effektiv, um alle Inhalte herauszufiltern, die nicht auf BeFriend geh\u00f6ren. <\/p><div> <\/div>\t\t\t\t\t\t\t\t<\/div>\n\t\t\t\t\t<\/div>\n\t\t\t\t<\/div>\n\t\t\t\t<\/div>\n\t\t","protected":false},"excerpt":{"rendered":"<p>Community-Richtlinien BeFriend ist eine globale Community, und wir setzen uns daf\u00fcr ein, einen Online-Raum zu schaffen, in dem sich Einzelpersonen [&hellip;]<\/p>\n","protected":false},"author":264833920,"featured_media":0,"parent":0,"menu_order":0,"comment_status":"closed","ping_status":"closed","template":"","meta":{"_crdt_document":"","_exactmetrics_skip_tracking":false,"_exactmetrics_sitenote_active":false,"_exactmetrics_sitenote_note":"","_exactmetrics_sitenote_category":0,"site-sidebar-layout":"default","site-content-layout":"","ast-site-content-layout":"","site-content-style":"default","site-sidebar-style":"default","ast-global-header-display":"","ast-banner-title-visibility":"","ast-main-header-display":"","ast-hfb-above-header-display":"","ast-hfb-below-header-display":"","ast-hfb-mobile-header-display":"","site-post-title":"disabled","ast-breadcrumbs-content":"","ast-featured-img":"","footer-sml-layout":"","theme-transparent-header-meta":"","adv-header-id-meta":"","stick-header-meta":"","header-above-stick-meta":"","header-main-stick-meta":"","header-below-stick-meta":"","astra-migrate-meta-layouts":"default","ast-page-background-enabled":"default","ast-page-background-meta":{"desktop":{"background-color":"var(--ast-global-color-5)","background-image":"","background-repeat":"repeat","background-position":"center center","background-size":"auto","background-attachment":"scroll","background-type":"","background-media":"","overlay-type":"","overlay-color":"","overlay-opacity":"","overlay-gradient":""},"tablet":{"background-color":"","background-image":"","background-repeat":"repeat","background-position":"center center","background-size":"auto","background-attachment":"scroll","background-type":"","background-media":"","overlay-type":"","overlay-color":"","overlay-opacity":"","overlay-gradient":""},"mobile":{"background-color":"","background-image":"","background-repeat":"repeat","background-position":"center center","background-size":"auto","background-attachment":"scroll","background-type":"","background-media":"","overlay-type":"","overlay-color":"","overlay-opacity":"","overlay-gradient":""}},"ast-content-background-meta":{"desktop":{"background-color":"var(--ast-global-color-4)","background-image":"","background-repeat":"repeat","background-position":"center center","background-size":"auto","background-attachment":"scroll","background-type":"","background-media":"","overlay-type":"","overlay-color":"","overlay-opacity":"","overlay-gradient":""},"tablet":{"background-color":"var(--ast-global-color-4)","background-image":"","background-repeat":"repeat","background-position":"center center","background-size":"auto","background-attachment":"scroll","background-type":"","background-media":"","overlay-type":"","overlay-color":"","overlay-opacity":"","overlay-gradient":""},"mobile":{"background-color":"var(--ast-global-color-4)","background-image":"","background-repeat":"repeat","background-position":"center center","background-size":"auto","background-attachment":"scroll","background-type":"","background-media":"","overlay-type":"","overlay-color":"","overlay-opacity":"","overlay-gradient":""}},"jetpack_post_was_ever_published":false,"footnotes":""},"class_list":["post-4228","page","type-page","status-publish","hentry"],"jetpack_sharing_enabled":true,"jetpack_likes_enabled":false,"jetpack_shortlink":"https:\/\/wp.me\/PgtWOn-16c","_links":{"self":[{"href":"https:\/\/befriend.cc\/de\/wp-json\/wp\/v2\/pages\/4228","targetHints":{"allow":["GET"]}}],"collection":[{"href":"https:\/\/befriend.cc\/de\/wp-json\/wp\/v2\/pages"}],"about":[{"href":"https:\/\/befriend.cc\/de\/wp-json\/wp\/v2\/types\/page"}],"author":[{"embeddable":true,"href":"https:\/\/befriend.cc\/de\/wp-json\/wp\/v2\/users\/264833920"}],"replies":[{"embeddable":true,"href":"https:\/\/befriend.cc\/de\/wp-json\/wp\/v2\/comments?post=4228"}],"version-history":[{"count":2,"href":"https:\/\/befriend.cc\/de\/wp-json\/wp\/v2\/pages\/4228\/revisions"}],"predecessor-version":[{"id":4230,"href":"https:\/\/befriend.cc\/de\/wp-json\/wp\/v2\/pages\/4228\/revisions\/4230"}],"wp:attachment":[{"href":"https:\/\/befriend.cc\/de\/wp-json\/wp\/v2\/media?parent=4228"}],"curies":[{"name":"wp","href":"https:\/\/api.w.org\/{rel}","templated":true}]}}