{"id":7836,"date":"2025-04-21T16:55:26","date_gmt":"2025-04-21T08:55:26","guid":{"rendered":"https:\/\/befriend.cc\/?page_id=7836"},"modified":"2026-02-06T14:05:21","modified_gmt":"2026-02-06T06:05:21","slug":"wytyczne-dla-spolecznosci","status":"publish","type":"page","link":"https:\/\/befriend.cc\/pl\/wytyczne-dla-spolecznosci\/","title":{"rendered":"Wytyczne dla spo\u0142eczno\u015bci"},"content":{"rendered":"\t\t<div data-elementor-type=\"wp-page\" data-elementor-id=\"7836\" class=\"elementor elementor-7836 elementor-268\">\n\t\t\t\t<div class=\"elementor-element elementor-element-51ab212 e-flex e-con-boxed e-con e-parent\" data-id=\"51ab212\" data-element_type=\"container\" data-e-type=\"container\" data-settings=\"{&quot;background_background&quot;:&quot;classic&quot;}\">\n\t\t\t\t\t<div class=\"e-con-inner\">\n\t\t\t\t<div class=\"elementor-element elementor-element-c2902e0 elementor-widget elementor-widget-heading\" data-id=\"c2902e0\" data-element_type=\"widget\" data-e-type=\"widget\" data-widget_type=\"heading.default\">\n\t\t\t\t\t<h2 class=\"elementor-heading-title elementor-size-default\">Wytyczne dla spo\u0142eczno\u015bci<\/h2>\t\t\t\t<\/div>\n\t\t\t\t\t<\/div>\n\t\t\t\t<\/div>\n\t\t<div class=\"elementor-element elementor-element-f6c8d93 e-flex e-con-boxed e-con e-parent\" data-id=\"f6c8d93\" data-element_type=\"container\" data-e-type=\"container\">\n\t\t\t\t\t<div class=\"e-con-inner\">\n\t\t\t\t<div class=\"elementor-element elementor-element-6e12038 elementor-widget elementor-widget-text-editor\" data-id=\"6e12038\" data-element_type=\"widget\" data-e-type=\"widget\" data-widget_type=\"text-editor.default\">\n\t\t\t\t\t\t\t\t\t<p data-start=\"275\" data-end=\"489\">BeFriend to globalna spo\u0142eczno\u015b\u0107. Zale\u017cy nam na tworzeniu bezpiecznej przestrzeni online, w kt\u00f3rej u\u017cytkownicy mog\u0105 autentycznie poznawa\u0107 nowych ludzi i budowa\u0107 nowe znajomo\u015bci w spos\u00f3b odpowiedzialny i bezpieczny.<\/p><p data-start=\"491\" data-end=\"705\">Niniejsze Wytyczne spo\u0142eczno\u015bci zosta\u0142y stworzone po to, aby zapewni\u0107 ka\u017cdemu u\u017cytkownikowi BeFriend pozytywne i bezpieczne do\u015bwiadczenie. <strong data-start=\"630\" data-end=\"705\">Ka\u017cde naruszenie tych zasad mo\u017ce skutkowa\u0107 trwa\u0142ym zablokowaniem konta.<\/strong><\/p><h6 data-start=\"712\" data-end=\"744\"><strong data-start=\"715\" data-end=\"744\">Szacunek przede wszystkim<\/strong><\/h6><p data-start=\"746\" data-end=\"927\">BeFriend stosuje polityk\u0119 <strong data-start=\"772\" data-end=\"791\">zero tolerancji<\/strong> wobec obra\u017aliwych tre\u015bci i zachowa\u0144 przemocowych. N\u0119kanie, zastraszanie, dyskryminacja oraz nieodpowiednie tre\u015bci s\u0105 surowo zabronione.<\/p><p data-start=\"929\" data-end=\"1191\">Traktujemy te zasady bardzo powa\u017cnie i posiadamy konkretne procedury moderacji dotycz\u0105ce zg\u0142aszanych u\u017cytkownik\u00f3w oraz tre\u015bci. Zach\u0119camy u\u017cytkownik\u00f3w do dbania o bezpiecze\u0144stwo spo\u0142eczno\u015bci poprzez <strong data-start=\"1127\" data-end=\"1156\">zg\u0142aszanie lub blokowanie<\/strong> os\u00f3b, kt\u00f3re naruszaj\u0105 te wytyczne.<\/p><p data-start=\"1193\" data-end=\"1367\">Zg\u0142oszone tre\u015bci s\u0105 <strong data-start=\"1213\" data-end=\"1236\">natychmiast usuwane<\/strong> do czasu ich weryfikacji. Rozmowy z zablokowanymi u\u017cytkownikami zostan\u0105 usuni\u0119te, podobnie jak wszelkie interakcje z ich profilem.<\/p><p data-start=\"1369\" data-end=\"1563\">Je\u015bli zauwa\u017cysz naruszenie zasad w dowolnym miejscu na BeFriend, u\u017cyj przycisku <strong data-start=\"1449\" data-end=\"1469\">Zg\u0142o\u015b \/ Zablokuj<\/strong>, a my zajmiemy si\u0119 reszt\u0105.<br data-start=\"1496\" data-end=\"1499\" \/>Instrukcje krok po kroku znajdziesz w sekcji <strong data-start=\"1544\" data-end=\"1554\">How-To<\/strong> poni\u017cej.<\/p><h6 data-start=\"1570\" data-end=\"1629\"><strong data-start=\"1573\" data-end=\"1629\">Tre\u015bci i zachowania, kt\u00f3re s\u0105 ZABRONIONE na BeFriend<\/strong><\/h6><ul data-start=\"1631\" data-end=\"2144\"><li data-start=\"1631\" data-end=\"1685\"><p data-start=\"1633\" data-end=\"1685\">Tre\u015bci pornograficzne lub o charakterze seksualnym<\/p><\/li><li data-start=\"1686\" data-end=\"1728\"><p data-start=\"1688\" data-end=\"1728\">Nago\u015b\u0107, bielizna lub sugestywne obrazy<\/p><\/li><li data-start=\"1729\" data-end=\"1806\"><p data-start=\"1731\" data-end=\"1806\">Promowanie przemocy (np. akty przemocy, bro\u0144 palna, no\u017ce, inne narz\u0119dzia)<\/p><\/li><li data-start=\"1807\" data-end=\"1841\"><p data-start=\"1809\" data-end=\"1841\">Drastyczne lub brutalne obrazy<\/p><\/li><li data-start=\"1842\" data-end=\"1889\"><p data-start=\"1844\" data-end=\"1889\">Tre\u015bci promuj\u0105ce narkotyki lub ich u\u017cywanie<\/p><\/li><li data-start=\"1890\" data-end=\"1986\"><p data-start=\"1892\" data-end=\"1986\">Dzia\u0142alno\u015b\u0107 handlowa, w tym sprzeda\u017c kont premium, kont Snapchat lub jakichkolwiek produkt\u00f3w<\/p><\/li><li data-start=\"1987\" data-end=\"2043\"><p data-start=\"1989\" data-end=\"2043\">Deklarowanie wysy\u0142ania lub poszukiwania nagich zdj\u0119\u0107<\/p><\/li><li data-start=\"2044\" data-end=\"2086\"><p data-start=\"2046\" data-end=\"2086\">Mowa nienawi\u015bci lub inne formy nadu\u017cy\u0107<\/p><\/li><li data-start=\"2087\" data-end=\"2144\"><p data-start=\"2089\" data-end=\"2144\">Jakakolwiek nielegalna dzia\u0142alno\u015b\u0107 lub jej promowanie<\/p><\/li><\/ul><h6 data-start=\"2151\" data-end=\"2189\"><strong data-start=\"2154\" data-end=\"2189\">Tre\u015bci o charakterze seksualnym<\/strong><\/h6><p data-start=\"2191\" data-end=\"2427\">BeFriend stosuje <strong data-start=\"2208\" data-end=\"2236\">polityk\u0119 zero tolerancji<\/strong> wobec promowania lub rozpowszechniania tre\u015bci pornograficznych.<br data-start=\"2300\" data-end=\"2303\" \/>Zapisywanie, \u017c\u0105danie, gro\u017cenie publikacj\u0105 lub rozpowszechnianiem tre\u015bci o charakterze seksualnym jest <strong data-start=\"2405\" data-end=\"2426\">surowo zabronione<\/strong>.<\/p><h6 data-start=\"2434\" data-end=\"2445\"><strong data-start=\"2437\" data-end=\"2445\">Spam<\/strong><\/h6><p data-start=\"2447\" data-end=\"2639\">Spam, aktywno\u015b\u0107 bot\u00f3w oraz praktyki wprowadzaj\u0105ce w b\u0142\u0105d nie s\u0105 dozwolone na BeFriend.<br data-start=\"2533\" data-end=\"2536\" \/>Aby egzekwowa\u0107 te zasady, <strong data-start=\"2562\" data-end=\"2638\">nie zezwalamy na wysy\u0142anie obraz\u00f3w ani link\u00f3w w wiadomo\u015bciach prywatnych<\/strong>.<\/p><p data-start=\"2641\" data-end=\"2896\">Wiadomo\u015bci spamowe lub przypominaj\u0105ce dzia\u0142anie bot\u00f3w s\u0105 automatycznie oznaczane przez nasz system i blokowane przed dotarciem do odbiorcy.<br data-start=\"2780\" data-end=\"2783\" \/>Pom\u00f3\u017c nam dba\u0107 o bezpiecze\u0144stwo spo\u0142eczno\u015bci, zg\u0142aszaj\u0105c podejrzane konta i tre\u015bci za pomoc\u0105 przycisku <strong data-start=\"2886\" data-end=\"2895\">Zg\u0142o\u015b<\/strong>.<\/p><p data-start=\"2898\" data-end=\"2964\">Wszystkie konta naruszaj\u0105ce t\u0119 zasad\u0119 zostan\u0105 <strong data-start=\"2944\" data-end=\"2963\">trwale usuni\u0119te<\/strong>.<\/p><h6 data-start=\"2971\" data-end=\"3008\"><strong data-start=\"2974\" data-end=\"3008\">Podszywanie si\u0119 pod inne osoby<\/strong><\/h6><p data-start=\"3010\" data-end=\"3100\">Jakiekolwiek pr\u00f3by podszywania si\u0119 pod inne osoby s\u0105 surowo zabronione. Obejmuje to m.in.:<\/p><ul data-start=\"3102\" data-end=\"3230\"><li data-start=\"3102\" data-end=\"3145\"><p data-start=\"3104\" data-end=\"3145\">k\u0142amstwo dotycz\u0105ce wieku lub to\u017csamo\u015bci<\/p><\/li><li data-start=\"3146\" data-end=\"3172\"><p data-start=\"3148\" data-end=\"3172\">u\u017cywanie cudzych zdj\u0119\u0107<\/p><\/li><li data-start=\"3173\" data-end=\"3230\"><p data-start=\"3175\" data-end=\"3230\">fa\u0142szywe przedstawianie siebie w jakiejkolwiek formie<\/p><\/li><\/ul><p data-start=\"3232\" data-end=\"3395\">Je\u015bli podejrzewasz, \u017ce u\u017cytkownik podszywa si\u0119 pod kogo\u015b innego, zg\u0142o\u015b go za pomoc\u0105 przycisku <strong data-start=\"3326\" data-end=\"3335\">Zg\u0142o\u015b<\/strong>.<br data-start=\"3336\" data-end=\"3339\" \/>Konta naruszaj\u0105ce t\u0119 zasad\u0119 zostan\u0105 <strong data-start=\"3375\" data-end=\"3394\">trwale usuni\u0119te<\/strong>.<\/p><h6 data-start=\"3402\" data-end=\"3429\"><strong data-start=\"3405\" data-end=\"3429\">Przestrzeganie prawa<\/strong><\/h6><p data-start=\"3431\" data-end=\"3555\">Jakakolwiek dzia\u0142alno\u015b\u0107 niezgodna z prawem jest zabroniona na BeFriend.<br data-start=\"3502\" data-end=\"3505\" \/>Bezpiecze\u0144stwo jest naszym najwy\u017cszym priorytetem.<\/p><p data-start=\"3557\" data-end=\"3616\">Nie wolno anga\u017cowa\u0107 si\u0119 ani publikowa\u0107 tre\u015bci zwi\u0105zanych z:<\/p><ul data-start=\"3617\" data-end=\"3831\"><li data-start=\"3617\" data-end=\"3629\"><p data-start=\"3619\" data-end=\"3629\">gro\u017abami<\/p><\/li><li data-start=\"3630\" data-end=\"3645\"><p data-start=\"3632\" data-end=\"3645\">narkotykami<\/p><\/li><li data-start=\"3646\" data-end=\"3656\"><p data-start=\"3648\" data-end=\"3656\">broni\u0105<\/p><\/li><li data-start=\"3657\" data-end=\"3669\"><p data-start=\"3659\" data-end=\"3669\">przemoc\u0105<\/p><\/li><li data-start=\"3670\" data-end=\"3698\"><p data-start=\"3672\" data-end=\"3698\">u\u017cytkownikami nieletnimi<\/p><\/li><li data-start=\"3699\" data-end=\"3723\"><p data-start=\"3701\" data-end=\"3723\">us\u0142ugami seksualnymi<\/p><\/li><li data-start=\"3724\" data-end=\"3761\"><p data-start=\"3726\" data-end=\"3761\">mow\u0105 nienawi\u015bci lub dyskryminacj\u0105<\/p><\/li><li data-start=\"3762\" data-end=\"3782\"><p data-start=\"3764\" data-end=\"3782\">podszywaniem si\u0119<\/p><\/li><li data-start=\"3783\" data-end=\"3831\"><p data-start=\"3785\" data-end=\"3831\">sprzeda\u017c\u0105 lub promowaniem nielegalnych us\u0142ug<\/p><\/li><\/ul><p data-start=\"3833\" data-end=\"3955\">Zach\u0119camy u\u017cytkownik\u00f3w do <strong data-start=\"3859\" data-end=\"3906\">zg\u0142aszania podejrze\u0144 dotycz\u0105cych nieletnich<\/strong>, kt\u00f3rzy mog\u0105 nieprawid\u0142owo korzysta\u0107 z BeFriend.<\/p><h6 data-start=\"3962\" data-end=\"3985\"><strong data-start=\"3965\" data-end=\"3985\">Crisis Text Line<\/strong><\/h6><p data-start=\"3987\" data-end=\"4222\">BeFriend to przestrze\u0144, w kt\u00f3rej mo\u017cesz by\u0107 sob\u0105. Zach\u0119camy do autentycznej ekspresji i szczerych rozm\u00f3w.<br data-start=\"4092\" data-end=\"4095\" \/>Je\u015bli Ty lub kto\u015b, kogo spotka\u0142e\u015b(-a\u015b) na BeFriend, do\u015bwiadcza stresu, l\u0119ku, depresji lub po prostu potrzebuje rozmowy, mo\u017cesz:<\/p><p data-start=\"4224\" data-end=\"4349\">\ud83d\udcf1 <strong data-start=\"4227\" data-end=\"4272\">Wys\u0142a\u0107 SMS o tre\u015bci HELLO na numer 741741<\/strong><br data-start=\"4272\" data-end=\"4275\" \/>aby porozmawia\u0107 <strong data-start=\"4291\" data-end=\"4310\">bezp\u0142atnie 24\/7<\/strong> z wykwalifikowanym doradc\u0105 kryzysowym.<\/p><h6 data-start=\"4356\" data-end=\"4409\"><strong data-start=\"4359\" data-end=\"4409\">How-To: Jak zg\u0142osi\u0107 lub zablokowa\u0107 u\u017cytkownika<\/strong><\/h6><p data-start=\"4411\" data-end=\"4595\">Mo\u017cesz zg\u0142osi\u0107 lub zablokowa\u0107 dowolne konto, kt\u00f3re rozpowszechnia nieodpowiednie tre\u015bci, nadu\u017cycia, spam lub narusza Wytyczne spo\u0142eczno\u015bci \u2014 bezpo\u015brednio z poziomu profilu u\u017cytkownika.<\/p><p data-start=\"4597\" data-end=\"4694\">Wszystkie zg\u0142oszenia s\u0105 <strong data-start=\"4621\" data-end=\"4631\">poufne<\/strong>, a Twoje dane <strong data-start=\"4646\" data-end=\"4675\">nigdy nie s\u0105 udost\u0119pniane<\/strong> osobie zg\u0142aszanej.<\/p><h6 data-start=\"4696\" data-end=\"4743\"><strong data-start=\"4700\" data-end=\"4743\">Aby zg\u0142osi\u0107 lub zablokowa\u0107 u\u017cytkownika:<\/strong><\/h6><ul data-start=\"4745\" data-end=\"4947\"><li data-start=\"4745\" data-end=\"4808\"><p data-start=\"4747\" data-end=\"4808\">Dotknij ikony zg\u0142oszenia w prawym dolnym rogu karty profilu<\/p><\/li><li data-start=\"4809\" data-end=\"4847\"><p data-start=\"4811\" data-end=\"4847\">Wybierz <strong data-start=\"4819\" data-end=\"4828\">Zg\u0142o\u015b<\/strong> lub <strong data-start=\"4833\" data-end=\"4845\">Zablokuj<\/strong><\/p><\/li><li data-start=\"4848\" data-end=\"4910\"><p data-start=\"4850\" data-end=\"4910\">Dotknij ikony zg\u0142oszenia w prawym g\u00f3rnym rogu ekranu czatu<\/p><\/li><li data-start=\"4911\" data-end=\"4947\"><p data-start=\"4913\" data-end=\"4947\">Wybierz <strong data-start=\"4921\" data-end=\"4930\">Zg\u0142o\u015b<\/strong> lub <strong data-start=\"4935\" data-end=\"4947\">Zablokuj<\/strong><\/p><\/li><\/ul><p data-start=\"4949\" data-end=\"5144\">Jeszcze raz podkre\u015blamy, jak wa\u017cne jest zg\u0142aszanie kont naruszaj\u0105cych powy\u017csze zasady.<br data-start=\"5035\" data-end=\"5038\" \/>Twoje zg\u0142oszenia s\u0105 <strong data-start=\"5058\" data-end=\"5078\">bardzo skuteczne<\/strong> w eliminowaniu tre\u015bci, kt\u00f3re nie powinny pojawi\u0107 si\u0119 na BeFriend.<\/p>\t\t\t\t\t\t\t\t<\/div>\n\t\t\t\t\t<\/div>\n\t\t\t\t<\/div>\n\t\t\t\t<\/div>\n\t\t","protected":false},"excerpt":{"rendered":"<p>Wytyczne dla spo\u0142eczno\u015bci BeFriend to globalna spo\u0142eczno\u015b\u0107. Zale\u017cy nam na tworzeniu bezpiecznej przestrzeni online, w kt\u00f3rej u\u017cytkownicy mog\u0105 autentycznie poznawa\u0107 [&hellip;]<\/p>\n","protected":false},"author":264833920,"featured_media":0,"parent":0,"menu_order":0,"comment_status":"closed","ping_status":"closed","template":"","meta":{"_crdt_document":"","_exactmetrics_skip_tracking":false,"_exactmetrics_sitenote_active":false,"_exactmetrics_sitenote_note":"","_exactmetrics_sitenote_category":0,"site-sidebar-layout":"default","site-content-layout":"","ast-site-content-layout":"","site-content-style":"default","site-sidebar-style":"default","ast-global-header-display":"","ast-banner-title-visibility":"","ast-main-header-display":"","ast-hfb-above-header-display":"","ast-hfb-below-header-display":"","ast-hfb-mobile-header-display":"","site-post-title":"disabled","ast-breadcrumbs-content":"","ast-featured-img":"","footer-sml-layout":"","theme-transparent-header-meta":"","adv-header-id-meta":"","stick-header-meta":"","header-above-stick-meta":"","header-main-stick-meta":"","header-below-stick-meta":"","astra-migrate-meta-layouts":"default","ast-page-background-enabled":"default","ast-page-background-meta":{"desktop":{"background-color":"var(--ast-global-color-5)","background-image":"","background-repeat":"repeat","background-position":"center center","background-size":"auto","background-attachment":"scroll","background-type":"","background-media":"","overlay-type":"","overlay-color":"","overlay-opacity":"","overlay-gradient":""},"tablet":{"background-color":"","background-image":"","background-repeat":"repeat","background-position":"center center","background-size":"auto","background-attachment":"scroll","background-type":"","background-media":"","overlay-type":"","overlay-color":"","overlay-opacity":"","overlay-gradient":""},"mobile":{"background-color":"","background-image":"","background-repeat":"repeat","background-position":"center center","background-size":"auto","background-attachment":"scroll","background-type":"","background-media":"","overlay-type":"","overlay-color":"","overlay-opacity":"","overlay-gradient":""}},"ast-content-background-meta":{"desktop":{"background-color":"var(--ast-global-color-4)","background-image":"","background-repeat":"repeat","background-position":"center center","background-size":"auto","background-attachment":"scroll","background-type":"","background-media":"","overlay-type":"","overlay-color":"","overlay-opacity":"","overlay-gradient":""},"tablet":{"background-color":"var(--ast-global-color-4)","background-image":"","background-repeat":"repeat","background-position":"center center","background-size":"auto","background-attachment":"scroll","background-type":"","background-media":"","overlay-type":"","overlay-color":"","overlay-opacity":"","overlay-gradient":""},"mobile":{"background-color":"var(--ast-global-color-4)","background-image":"","background-repeat":"repeat","background-position":"center center","background-size":"auto","background-attachment":"scroll","background-type":"","background-media":"","overlay-type":"","overlay-color":"","overlay-opacity":"","overlay-gradient":""}},"footnotes":""},"class_list":["post-7836","page","type-page","status-publish","hentry"],"jetpack_sharing_enabled":true,"jetpack_likes_enabled":false,"jetpack_shortlink":"https:\/\/wp.me\/PgtWOn-22o","_links":{"self":[{"href":"https:\/\/befriend.cc\/pl\/wp-json\/wp\/v2\/pages\/7836","targetHints":{"allow":["GET"]}}],"collection":[{"href":"https:\/\/befriend.cc\/pl\/wp-json\/wp\/v2\/pages"}],"about":[{"href":"https:\/\/befriend.cc\/pl\/wp-json\/wp\/v2\/types\/page"}],"author":[{"embeddable":true,"href":"https:\/\/befriend.cc\/pl\/wp-json\/wp\/v2\/users\/264833920"}],"replies":[{"embeddable":true,"href":"https:\/\/befriend.cc\/pl\/wp-json\/wp\/v2\/comments?post=7836"}],"version-history":[{"count":11,"href":"https:\/\/befriend.cc\/pl\/wp-json\/wp\/v2\/pages\/7836\/revisions"}],"predecessor-version":[{"id":7849,"href":"https:\/\/befriend.cc\/pl\/wp-json\/wp\/v2\/pages\/7836\/revisions\/7849"}],"wp:attachment":[{"href":"https:\/\/befriend.cc\/pl\/wp-json\/wp\/v2\/media?parent=7836"}],"curies":[{"name":"wp","href":"https:\/\/api.w.org\/{rel}","templated":true}]}}