{"id":4241,"date":"2025-04-21T16:55:26","date_gmt":"2025-04-21T08:55:26","guid":{"rendered":"https:\/\/befriend.cc\/diretrizes-da-comunidade\/"},"modified":"2025-10-07T11:03:59","modified_gmt":"2025-10-07T03:03:59","slug":"diretrizes-da-comunidade","status":"publish","type":"page","link":"https:\/\/befriend.cc\/pt-pt\/diretrizes-da-comunidade\/","title":{"rendered":"Diretrizes da comunidade"},"content":{"rendered":"\t\t<div data-elementor-type=\"wp-page\" data-elementor-id=\"4241\" class=\"elementor elementor-4241 elementor-268\">\n\t\t\t\t<div class=\"elementor-element elementor-element-51ab212 e-flex e-con-boxed e-con e-parent\" data-id=\"51ab212\" data-element_type=\"container\" data-e-type=\"container\" data-settings=\"{&quot;background_background&quot;:&quot;classic&quot;}\">\n\t\t\t\t\t<div class=\"e-con-inner\">\n\t\t\t\t<div class=\"elementor-element elementor-element-c2902e0 elementor-widget elementor-widget-heading\" data-id=\"c2902e0\" data-element_type=\"widget\" data-e-type=\"widget\" data-widget_type=\"heading.default\">\n\t\t\t\t\t<h2 class=\"elementor-heading-title elementor-size-default\">Diretrizes da comunidade<\/h2>\t\t\t\t<\/div>\n\t\t\t\t\t<\/div>\n\t\t\t\t<\/div>\n\t\t<div class=\"elementor-element elementor-element-f6c8d93 e-flex e-con-boxed e-con e-parent\" data-id=\"f6c8d93\" data-element_type=\"container\" data-e-type=\"container\">\n\t\t\t\t\t<div class=\"e-con-inner\">\n\t\t\t\t<div class=\"elementor-element elementor-element-6e12038 elementor-widget elementor-widget-text-editor\" data-id=\"6e12038\" data-element_type=\"widget\" data-e-type=\"widget\" data-widget_type=\"text-editor.default\">\n\t\t\t\t\t\t\t\t\t<p style=\"font-family: -apple-system,;\">O BeFriend \u00e9 uma comunidade global e estamos empenhados em criar um espa\u00e7o online onde os indiv\u00edduos possam conectar-se genuinamente com novas pessoas e fazer novos amigos, de forma segura e protegida. Cri\u00e1mos estas diretrizes para garantir que todos os utilizadores tenham uma experi\u00eancia segura e positiva no BeFriend. Qualquer viola\u00e7\u00e3o destas diretrizes pode resultar numa suspens\u00e3o permanente da conta do BeFriend.<\/p><p style=\"font-family: -apple-system, 'system-ui'; color: #000000;\"><span style=\"font-weight: 600; font-family: -apple-system, BlinkMacSystemFont, sans-serif;\">Seja Respeitoso<\/span><br \/>Temos uma pol\u00edtica de toler\u00e2ncia zero para conte\u00fado ofensivo e comportamento abusivo. Bullying, ass\u00e9dio, discrimina\u00e7\u00e3o e conte\u00fado inadequado s\u00e3o estritamente proibidos no BeFriend. Levamos esta pol\u00edtica muito a s\u00e9rio e temos procedimentos de modera\u00e7\u00e3o espec\u00edficos para utilizadores e conte\u00fado denunciados. Os utilizadores s\u00e3o encorajados a ajudar a manter o BeFriend seguro, denunciando ou bloqueando utilizadores que violem esta pol\u00edtica. O conte\u00fado denunciado ser\u00e1 removido imediatamente at\u00e9 ser revisto. As conversas com utilizadores bloqueados ser\u00e3o removidas juntamente com qualquer tipo de intera\u00e7\u00e3o no perfil. Se vir algu\u00e9m a quebrar as regras em qualquer lugar do BeFriend, denuncie-o usando o bot\u00e3o Bloquear\/Denunciar, e n\u00f3s trataremos do resto. Consulte a sec\u00e7\u00e3o Como Fazer abaixo para instru\u00e7\u00f5es passo a passo sobre como denunciar e bloquear no BeFriend.<\/p><p style=\"font-family: -apple-system, 'system-ui', sans-serif; color: #000000; font-size: 16px;\">Coisas que N\u00c3O s\u00e3o permitidas no BeFriend:<\/p><ul style=\"color: #000000; font-family: -apple-system, 'system-ui', sans-serif; font-size: 16px;\"><li>Conte\u00fado pornogr\u00e1fico ou sexualmente expl\u00edcito<\/li><li>Imagens de nudez, roupa interior ou sugestivas<\/li><li>Promo\u00e7\u00e3o de viol\u00eancia como atos violentos, armas de fogo, facas ou quaisquer armas<\/li><li>Imagens sangrentas e gr\u00e1ficas<\/li><li>Imagens que promovam drogas ou uso de drogas<\/li><li>Atividade de mercado como premium<\/li><li>Contas do Snapchat ou venda de qualquer coisa de qualquer natureza<\/li><li>Alegar enviar ou procurar imagens de nudez<\/li><li>Discurso de \u00f3dio ou outro comportamento abusivo<\/li><li>Qualquer atividade ilegal ou promo\u00e7\u00e3o de atividade ilegal<\/li><\/ul><p style=\"font-family: -apple-system, 'system-ui', sans-serif; color: #000000; font-size: 16px;\"><span style=\"font-weight: 600; font-family: -apple-system, BlinkMacSystemFont, sans-serif;\">Conte\u00fado Sexualmente Expl\u00edcito<br \/><\/span><br \/>O BeFriend tem uma pol\u00edtica de toler\u00e2ncia zero para utilizadores que promovam e\/ou distribuam conte\u00fado pornogr\u00e1fico. Guardar, pedir e\/ou amea\u00e7ar publicar conte\u00fado expl\u00edcito \u00e9 estritamente proibido.<\/p><p style=\"font-family: -apple-system, 'system-ui', sans-serif; color: #000000; font-size: 16px;\"><span style=\"font-weight: 600; font-family: -apple-system, BlinkMacSystemFont, sans-serif;\">Spam<\/span><br \/>Spam, atividade de bots e pr\u00e1ticas enganosas n\u00e3o s\u00e3o permitidas no BeFriend. Para fazer cumprir esta pol\u00edtica, n\u00e3o permitimos que imagens ou liga\u00e7\u00f5es de qualquer tipo sejam enviadas em Mensagens Diretas. Mensagens de spam e semelhantes a bots tamb\u00e9m s\u00e3o sinalizadas no nosso sistema e s\u00e3o bloqueadas antes de serem recebidas pelo utilizador final. Ajude a manter o BeFriend seguro denunciando utilizadores e conte\u00fado que suspeite serem spam tocando em \u201cdenunciar\u201d. Todas as contas que violem esta diretriz ser\u00e3o encerradas.<\/p><p style=\"font-family: -apple-system, 'system-ui', sans-serif; color: #000000; font-size: 16px;\"><span style=\"font-weight: 600; font-family: -apple-system, BlinkMacSystemFont, sans-serif;\">Personifica\u00e7\u00e3o<\/span><br \/>Qualquer tentativa de se fazer passar por outros \u00e9 estritamente proibida. Isto inclui qualquer tipo de engano sobre quem \u00e9, seja mentir sobre a sua idade, o seu nome, usar fotografias de outra pessoa e qualquer outro tipo de engano. Ajude a manter o BeFriend seguro denunciando utilizadores que suspeite estarem a fingir ser algu\u00e9m que n\u00e3o s\u00e3o tocando em \u201cdenunciar\u201d. Todas as contas que violem esta diretriz ser\u00e3o encerradas.<\/p><p style=\"font-family: -apple-system, 'system-ui', sans-serif; color: #000000; font-size: 16px;\"><span style=\"font-weight: 600; font-family: -apple-system, BlinkMacSystemFont, sans-serif;\">Obede\u00e7a \u00e0 Lei<\/span><br \/>Atividade ilegal de qualquer natureza \u00e9 proibida no BeFriend. A seguran\u00e7a \u00e9 a nossa prioridade n\u00famero um. Por favor, nunca se envolva em atividades ou publique conte\u00fado de qualquer um dos seguintes: amea\u00e7as, drogas, armas, viol\u00eancia, utilizadores menores de idade, servi\u00e7os sexuais, discurso de \u00f3dio, discrimina\u00e7\u00e3o, personifica\u00e7\u00e3o, venda ou promo\u00e7\u00e3o de servi\u00e7os ilegais. Os utilizadores s\u00e3o encorajados a usar o bot\u00e3o de den\u00fancia da aplica\u00e7\u00e3o para qualquer utilizador menor de idade suspeito que possa estar a usar incorretamente o BeFriend.<\/p><p style=\"font-family: -apple-system, 'system-ui', sans-serif; color: #000000; font-size: 16px;\"><span style=\"font-weight: 600; font-family: -apple-system, BlinkMacSystemFont, sans-serif;\">Linha de Texto de Crise<\/span><br \/>O BeFriend \u00e9 um espa\u00e7o para ser o seu verdadeiro eu. Encorajamos todos os tipos de autoexpress\u00e3o e incentivamos os utilizadores a ter conversas honestas e aut\u00eanticas. Se voc\u00ea ou algu\u00e9m que conheceu no BeFriend est\u00e1 a passar por stress, ansiedade, depress\u00e3o ou apenas precisa de algu\u00e9m para conversar, envie HELLO para 741741 para conversar com um conselheiro de crise treinado ao vivo gratuitamente 24\/7.<\/p><p style=\"font-family: -apple-system, 'system-ui', sans-serif; color: #000000; font-size: 16px;\"><span style=\"font-weight: 600; font-family: -apple-system, BlinkMacSystemFont, sans-serif;\">Como Fazer:<\/span><br \/>COMO DENUNCIAR \/ BLOQUEAR ALGU\u00c9M DO SEU PERFIL<br \/>Pode denunciar \/ bloquear qualquer conta que distribua ou promova conte\u00fado inadequado, abuso ou spam, ou qualquer outra coisa que n\u00e3o siga as nossas Diretrizes da Comunidade diretamente da p\u00e1gina do seu perfil. Todas as den\u00fancias s\u00e3o seguras e a sua informa\u00e7\u00e3o nunca \u00e9 partilhada com a pessoa que est\u00e1 a denunciar. Para denunciar \/ bloquear algu\u00e9m da p\u00e1gina do seu perfil:<\/p><ul style=\"color: #000000; font-family: -apple-system, 'system-ui', sans-serif; font-size: 16px;\"><li>Toque no emoji de den\u00fancia no canto inferior direito de qualquer cart\u00e3o de perfil<\/li><li>Toque em \u201cDenunciar\u201d ou \u201cBloquear\u201d<\/li><li>Toque no emoji de den\u00fancia no canto superior direito do ecr\u00e3 de conversa<\/li><li>Toque em \u201cDenunciar\u201d ou \u201cBloquear\u201d<\/li><\/ul><p>Gostar\u00edamos de reiterar novamente como \u00e9 importante para os utilizadores denunciar quaisquer contas que violem qualquer uma das diretrizes acima. As suas den\u00fancias s\u00e3o super eficazes na filtragem de todo e qualquer conte\u00fado que n\u00e3o perten\u00e7a ao BeFriend.<\/p><div>\u00a0<\/div>\t\t\t\t\t\t\t\t<\/div>\n\t\t\t\t\t<\/div>\n\t\t\t\t<\/div>\n\t\t\t\t<\/div>\n\t\t","protected":false},"excerpt":{"rendered":"<p>Diretrizes da comunidade O BeFriend \u00e9 uma comunidade global e estamos empenhados em criar um espa\u00e7o online onde os indiv\u00edduos [&hellip;]<\/p>\n","protected":false},"author":264833920,"featured_media":0,"parent":0,"menu_order":0,"comment_status":"closed","ping_status":"closed","template":"","meta":{"_crdt_document":"","_exactmetrics_skip_tracking":false,"_exactmetrics_sitenote_active":false,"_exactmetrics_sitenote_note":"","_exactmetrics_sitenote_category":0,"site-sidebar-layout":"default","site-content-layout":"","ast-site-content-layout":"","site-content-style":"default","site-sidebar-style":"default","ast-global-header-display":"","ast-banner-title-visibility":"","ast-main-header-display":"","ast-hfb-above-header-display":"","ast-hfb-below-header-display":"","ast-hfb-mobile-header-display":"","site-post-title":"disabled","ast-breadcrumbs-content":"","ast-featured-img":"","footer-sml-layout":"","theme-transparent-header-meta":"","adv-header-id-meta":"","stick-header-meta":"","header-above-stick-meta":"","header-main-stick-meta":"","header-below-stick-meta":"","astra-migrate-meta-layouts":"default","ast-page-background-enabled":"default","ast-page-background-meta":{"desktop":{"background-color":"var(--ast-global-color-5)","background-image":"","background-repeat":"repeat","background-position":"center center","background-size":"auto","background-attachment":"scroll","background-type":"","background-media":"","overlay-type":"","overlay-color":"","overlay-opacity":"","overlay-gradient":""},"tablet":{"background-color":"","background-image":"","background-repeat":"repeat","background-position":"center center","background-size":"auto","background-attachment":"scroll","background-type":"","background-media":"","overlay-type":"","overlay-color":"","overlay-opacity":"","overlay-gradient":""},"mobile":{"background-color":"","background-image":"","background-repeat":"repeat","background-position":"center center","background-size":"auto","background-attachment":"scroll","background-type":"","background-media":"","overlay-type":"","overlay-color":"","overlay-opacity":"","overlay-gradient":""}},"ast-content-background-meta":{"desktop":{"background-color":"var(--ast-global-color-4)","background-image":"","background-repeat":"repeat","background-position":"center center","background-size":"auto","background-attachment":"scroll","background-type":"","background-media":"","overlay-type":"","overlay-color":"","overlay-opacity":"","overlay-gradient":""},"tablet":{"background-color":"var(--ast-global-color-4)","background-image":"","background-repeat":"repeat","background-position":"center center","background-size":"auto","background-attachment":"scroll","background-type":"","background-media":"","overlay-type":"","overlay-color":"","overlay-opacity":"","overlay-gradient":""},"mobile":{"background-color":"var(--ast-global-color-4)","background-image":"","background-repeat":"repeat","background-position":"center center","background-size":"auto","background-attachment":"scroll","background-type":"","background-media":"","overlay-type":"","overlay-color":"","overlay-opacity":"","overlay-gradient":""}},"footnotes":""},"class_list":["post-4241","page","type-page","status-publish","hentry"],"jetpack_sharing_enabled":true,"jetpack_likes_enabled":false,"jetpack_shortlink":"https:\/\/wp.me\/PgtWOn-16p","_links":{"self":[{"href":"https:\/\/befriend.cc\/pt-pt\/wp-json\/wp\/v2\/pages\/4241","targetHints":{"allow":["GET"]}}],"collection":[{"href":"https:\/\/befriend.cc\/pt-pt\/wp-json\/wp\/v2\/pages"}],"about":[{"href":"https:\/\/befriend.cc\/pt-pt\/wp-json\/wp\/v2\/types\/page"}],"author":[{"embeddable":true,"href":"https:\/\/befriend.cc\/pt-pt\/wp-json\/wp\/v2\/users\/264833920"}],"replies":[{"embeddable":true,"href":"https:\/\/befriend.cc\/pt-pt\/wp-json\/wp\/v2\/comments?post=4241"}],"version-history":[{"count":6,"href":"https:\/\/befriend.cc\/pt-pt\/wp-json\/wp\/v2\/pages\/4241\/revisions"}],"predecessor-version":[{"id":4528,"href":"https:\/\/befriend.cc\/pt-pt\/wp-json\/wp\/v2\/pages\/4241\/revisions\/4528"}],"wp:attachment":[{"href":"https:\/\/befriend.cc\/pt-pt\/wp-json\/wp\/v2\/media?parent=4241"}],"curies":[{"name":"wp","href":"https:\/\/api.w.org\/{rel}","templated":true}]}}