{"id":8191,"date":"2025-04-22T14:32:31","date_gmt":"2025-04-22T06:32:31","guid":{"rendered":"https:\/\/befriend.cc\/?page_id=8191"},"modified":"2026-02-26T09:22:10","modified_gmt":"2026-02-26T01:22:10","slug":"kullanim-sartlari","status":"publish","type":"page","link":"https:\/\/befriend.cc\/tr\/kullanim-sartlari\/","title":{"rendered":"kullanim-sartlari"},"content":{"rendered":"\t\t<div data-elementor-type=\"wp-page\" data-elementor-id=\"8191\" class=\"elementor elementor-8191 elementor-336\">\n\t\t\t\t<div class=\"elementor-element elementor-element-2f413dc e-flex e-con-boxed e-con e-parent\" data-id=\"2f413dc\" data-element_type=\"container\" data-e-type=\"container\" data-settings=\"{&quot;background_background&quot;:&quot;classic&quot;}\">\n\t\t\t\t\t<div class=\"e-con-inner\">\n\t\t\t\t<div class=\"elementor-element elementor-element-d79e45f elementor-widget elementor-widget-heading\" data-id=\"d79e45f\" data-element_type=\"widget\" data-e-type=\"widget\" data-widget_type=\"heading.default\">\n\t\t\t\t\t<h2 class=\"elementor-heading-title elementor-size-default\">Kullan\u0131m \u015eartlar\u0131<\/h2>\t\t\t\t<\/div>\n\t\t\t\t\t<\/div>\n\t\t\t\t<\/div>\n\t\t<div class=\"elementor-element elementor-element-459c637 e-flex e-con-boxed e-con e-parent\" data-id=\"459c637\" data-element_type=\"container\" data-e-type=\"container\" data-settings=\"{&quot;background_background&quot;:&quot;classic&quot;}\">\n\t\t\t\t\t<div class=\"e-con-inner\">\n\t\t\t\t<div class=\"elementor-element elementor-element-03c8e2f elementor-widget elementor-widget-text-editor\" data-id=\"03c8e2f\" data-element_type=\"widget\" data-e-type=\"widget\" data-widget_type=\"text-editor.default\">\n\t\t\t\t\t\t\t\t\t<h2 data-start=\"180\" data-end=\"216\">Hizmet \u015eartlar\u0131m\u0131za Ho\u015f Geldiniz!<\/h2><p data-start=\"218\" data-end=\"490\">BeFriend uygulamas\u0131 (\u201cBeFriend Platformu\u201d), web sitesi (\u201cSite\u201d) ve BeFriend Platformu ile Site \u00fczerinden sunulan t\u00fcm hizmetler, \u00f6zellikler, i\u00e7erikler ve uygulamalar (topluca \u201cHizmetler\u201d) d\u00e2hil olmak \u00fczere \u00fcr\u00fcnlerimizi kullanmak \u00fczere kay\u0131t yapt\u0131\u011f\u0131n\u0131z i\u00e7in te\u015fekk\u00fcr ederiz.<\/p><p data-start=\"492\" data-end=\"650\">Hizmetler BeFriend Inc. taraf\u0131ndan sa\u011flanmaktad\u0131r. \u201cSiz\u201d veya \u201cKullan\u0131c\u0131\u201d terimi, Hizmetlere eri\u015fen veya bunlar\u0131 kullanan ger\u00e7ek veya t\u00fczel ki\u015fiyi ifade eder.<\/p><p data-start=\"652\" data-end=\"816\">Bu Kullan\u0131m \u015eartlar\u0131 (\u201c\u015eartlar\u201d), BeFriend ile aran\u0131zdaki ili\u015fkiyi d\u00fczenler ve Hizmetlerin kullan\u0131m\u0131n\u0131z\u0131 kapsar. Bu bir hukuki s\u00f6zle\u015fmedir; l\u00fctfen dikkatlice okuyun.<\/p><p data-start=\"818\" data-end=\"1150\">Hizmetlere kaydolarak veya herhangi bir \u015fekilde kullanarak \u2014 Snapchat Bitmoji\u2019nizi, g\u00f6r\u00fcnen ad\u0131n\u0131z\u0131, telefon numaran\u0131z\u0131, ad\u0131n\u0131z\u0131 veya kullan\u0131c\u0131 ad\u0131n\u0131z\u0131 sa\u011flayarak, ancak bunlarla s\u0131n\u0131rl\u0131 olmamak \u00fczere \u2014 bu \u015eartlar\u0131, Gizlilik Politikam\u0131z\u0131 ve zaman zaman yay\u0131mlanabilecek di\u011fer t\u00fcm politika ve prosed\u00fcrleri kabul etmi\u015f olursunuz.<\/p><p data-start=\"1152\" data-end=\"1214\">BU \u015eARTLARI KABUL ETM\u0130YORSANIZ, L\u00dcTFEN H\u0130ZMETLER\u0130 KULLANMAYIN.<\/p><p data-start=\"1216\" data-end=\"1384\">BeFriend Platformu, insanlar\u0131n yeni arkada\u015flar edinmesini sa\u011flayan bir mobil uygulamad\u0131r.<br data-start=\"1305\" data-end=\"1308\" \/>Bir fl\u00f6rt uygulamas\u0131 de\u011fildir ve e\u015fle\u015ftirme hizmeti olarak tasarlanmam\u0131\u015ft\u0131r.<\/p><h6 data-start=\"1391\" data-end=\"1412\">I. \u015eartlar\u0131n Kabul\u00fc<\/h6><p data-start=\"1414\" data-end=\"1594\">BeFriend\u2019i kullanarak, bu Kullan\u0131m \u015eartlar\u0131n\u0131 kabul etmi\u015f say\u0131l\u0131rs\u0131n\u0131z. Ayr\u0131ca Hizmeti kullanman\u0131z, Gizlilik Politikas\u0131 ve Topluluk Kurallar\u0131m\u0131z\u0131 da kabul etti\u011finiz anlam\u0131na gelir.<\/p><h6 data-start=\"1601\" data-end=\"1630\">II. \u015eartlarda De\u011fi\u015fiklikler<\/h6><p data-start=\"1632\" data-end=\"1771\">Bu \u015fartlar\u0131 zaman zaman g\u00fcncelleyebiliriz. G\u00fcncellenmi\u015f s\u00fcr\u00fcm uygulama i\u00e7indeki Ayarlar b\u00f6l\u00fcm\u00fcnde ve befriend.cc adresinde yay\u0131mlanacakt\u0131r.<\/p><p data-start=\"1773\" data-end=\"2000\">\u00d6nemli de\u011fi\u015fiklikler olmas\u0131 halinde, makul yollarla (uygulama i\u00e7i bildirim dahil) sizi bilgilendirebiliriz. G\u00fcncellemeler y\u00fcr\u00fcrl\u00fc\u011fe girdikten sonra Hizmeti kullanmaya devam etmeniz, yeni \u015eartlar\u0131 kabul etti\u011finiz anlam\u0131na gelir.<\/p><h6 data-start=\"2007\" data-end=\"2044\">III. Hizmetleri Kimler Kullanabilir<\/h6><p data-start=\"2046\" data-end=\"2107\">BeFriend hesab\u0131 olu\u015fturmak i\u00e7in en az 17 ya\u015f\u0131nda olmal\u0131s\u0131n\u0131z.<\/p><p data-start=\"2109\" data-end=\"2163\">Hizmeti kullanarak \u015funlar\u0131 beyan ve taahh\u00fct edersiniz:<\/p><ul data-start=\"2165\" data-end=\"2441\"><li data-start=\"2165\" data-end=\"2244\"><p data-start=\"2167\" data-end=\"2244\">BeFriend ile ba\u011flay\u0131c\u0131 bir s\u00f6zle\u015fme yapabilecek hukuki ehliyete sahipsiniz.<\/p><\/li><li data-start=\"2245\" data-end=\"2310\"><p data-start=\"2247\" data-end=\"2310\">Hizmetleri kullanman\u0131z y\u00fcr\u00fcrl\u00fckteki yasalara ayk\u0131r\u0131 de\u011fildir.<\/p><\/li><li data-start=\"2311\" data-end=\"2389\"><p data-start=\"2313\" data-end=\"2389\">A\u011f\u0131r su\u00e7, cinsel su\u00e7 veya \u015fiddet i\u00e7eren bir su\u00e7tan h\u00fck\u00fcm giymemi\u015fsinizdir.<\/p><\/li><li data-start=\"2390\" data-end=\"2441\"><p data-start=\"2392\" data-end=\"2441\">T\u00fcm yerel ve uluslararas\u0131 yasalara uyacaks\u0131n\u0131z.<\/p><\/li><\/ul><h6 data-start=\"2448\" data-end=\"2463\">IV. Hesab\u0131n\u0131z<\/h6><p data-start=\"2465\" data-end=\"2582\">Hizmetleri kullanmak i\u00e7in hesap olu\u015fturman\u0131z gerekebilir. Hesap olu\u015ftururken do\u011fru ve g\u00fcncel bilgiler sa\u011flamal\u0131s\u0131n\u0131z.<\/p><p data-start=\"2584\" data-end=\"2708\">Giri\u015f bilgilerinizin gizlili\u011finden siz sorumlusunuz. Hesab\u0131n\u0131z alt\u0131nda ger\u00e7ekle\u015fen t\u00fcm faaliyetlerden siz sorumlu olursunuz.<\/p><p data-start=\"2710\" data-end=\"2791\">Hesab\u0131n\u0131z\u0131n izinsiz kullan\u0131ld\u0131\u011f\u0131n\u0131 d\u00fc\u015f\u00fcn\u00fcyorsan\u0131z derhal bizimle ileti\u015fime ge\u00e7in.<\/p><h6 data-start=\"2798\" data-end=\"2838\">V. G\u00fcvenlik ve Kullan\u0131c\u0131 Etkile\u015fimleri<\/h6><p data-start=\"2840\" data-end=\"2934\">BeFriend, g\u00fcvenli bir deneyim sunmaya \u00e7al\u0131\u015fsa da, kullan\u0131c\u0131 davran\u0131\u015flar\u0131ndan sorumlu de\u011fildir.<\/p><p data-start=\"2936\" data-end=\"3090\">Di\u011fer kullan\u0131c\u0131larla ileti\u015fim kurarken dikkatli olun. \u00d6zellikle finansal bilgilerinizi (kredi kart\u0131, banka bilgileri vb.) payla\u015fmay\u0131n ve para g\u00f6ndermeyin.<\/p><p data-start=\"3092\" data-end=\"3168\">D\u0130\u011eER KULLANICILARLA OLAN T\u00dcM ETK\u0130LE\u015e\u0130MLER\u0130N\u0130ZDEN YALNIZCA S\u0130Z SORUMLUSUNUZ.<\/p><p data-start=\"3170\" data-end=\"3309\">BeFriend, kullan\u0131c\u0131lar i\u00e7in zorunlu sab\u0131ka kayd\u0131 ara\u015ft\u0131rmas\u0131 yapmaz, ancak kamuya a\u00e7\u0131k kay\u0131tlar \u00fczerinden tarama yapma hakk\u0131n\u0131 sakl\u0131 tutar.<\/p><h6 data-start=\"3316\" data-end=\"3354\">VI. BeFriend\u2019in Size Tan\u0131d\u0131\u011f\u0131 Haklar<\/h6><p data-start=\"3356\" data-end=\"3394\">BeFriend size, Hizmetlere eri\u015fim i\u00e7in:<\/p><ul data-start=\"3396\" data-end=\"3465\"><li data-start=\"3396\" data-end=\"3407\"><p data-start=\"3398\" data-end=\"3407\">Ki\u015fisel<\/p><\/li><li data-start=\"3408\" data-end=\"3424\"><p data-start=\"3410\" data-end=\"3424\">Devredilemez<\/p><\/li><li data-start=\"3425\" data-end=\"3445\"><p data-start=\"3427\" data-end=\"3445\">M\u00fcnhas\u0131r olmayan<\/p><\/li><li data-start=\"3446\" data-end=\"3465\"><p data-start=\"3448\" data-end=\"3465\">Geri al\u0131nabilir<\/p><\/li><\/ul><p data-start=\"3467\" data-end=\"3484\">bir lisans verir.<\/p><p data-start=\"3486\" data-end=\"3513\">A\u015fa\u011f\u0131dakileri yapamazs\u0131n\u0131z:<\/p><ul data-start=\"3515\" data-end=\"3774\"><li data-start=\"3515\" data-end=\"3550\"><p data-start=\"3517\" data-end=\"3550\">Hizmeti ticari ama\u00e7la kullanmak<\/p><\/li><li data-start=\"3551\" data-end=\"3599\"><p data-start=\"3553\" data-end=\"3599\">\u0130\u00e7erikleri izinsiz kopyalamak veya \u00e7o\u011faltmak<\/p><\/li><li data-start=\"3600\" data-end=\"3645\"><p data-start=\"3602\" data-end=\"3645\">Bot, scraper veya otomatik ara\u00e7 kullanmak<\/p><\/li><li data-start=\"3646\" data-end=\"3691\"><p data-start=\"3648\" data-end=\"3691\">Hizmete zarar verecek eylemlerde bulunmak<\/p><\/li><li data-start=\"3692\" data-end=\"3734\"><p data-start=\"3694\" data-end=\"3734\">Hizmetin tersine m\u00fchendisli\u011fini yapmak<\/p><\/li><li data-start=\"3735\" data-end=\"3774\"><p data-start=\"3737\" data-end=\"3774\">BeFriend API\u2019sini izinsiz kullanmak<\/p><\/li><\/ul><p data-start=\"3776\" data-end=\"3853\">BeFriend, yasa d\u0131\u015f\u0131 kullan\u0131mlara kar\u015f\u0131 gerekli hukuki i\u015flemleri ba\u015flatabilir.<\/p><h6 data-start=\"3860\" data-end=\"3890\">VII. Bize Tan\u0131d\u0131\u011f\u0131n\u0131z Haklar<\/h6><p data-start=\"3892\" data-end=\"4058\">Hizmet \u00fczerinden i\u00e7erik payla\u015ft\u0131\u011f\u0131n\u0131zda, i\u00e7eri\u011fin m\u00fclkiyeti sizde kal\u0131r. Ancak BeFriend\u2019e, i\u00e7eri\u011fi Hizmeti sunmak ve geli\u015ftirmek amac\u0131yla kullanma lisans\u0131 verirsiniz.<\/p><p data-start=\"4060\" data-end=\"4101\">Payla\u015ft\u0131\u011f\u0131n\u0131z i\u00e7erikten siz sorumlusunuz.<\/p><h6 data-start=\"4108\" data-end=\"4133\">VIII. Kullan\u0131c\u0131 \u0130\u00e7eri\u011fi<\/h6><p data-start=\"4135\" data-end=\"4297\">Hizmetteki i\u00e7eriklerin b\u00fcy\u00fck k\u0131sm\u0131 kullan\u0131c\u0131lar taraf\u0131ndan olu\u015fturulur. BeFriend t\u00fcm i\u00e7erikleri \u00f6nceden incelemez ve \u00fc\u00e7\u00fcnc\u00fc taraf i\u00e7eriklerinden sorumlu de\u011fildir.<\/p><p data-start=\"4299\" data-end=\"4367\">Uygunsuz i\u00e7erik i\u00e7in <a class=\"decorated-link cursor-pointer\" rel=\"noopener\" data-start=\"4320\" data-end=\"4339\">support@befriend.cc<\/a> adresine ba\u015fvurabilirsiniz.<\/p><h6 data-start=\"4374\" data-end=\"4398\">IX. Davran\u0131\u015f Kurallar\u0131<\/h6><p data-start=\"4400\" data-end=\"4429\">A\u015fa\u011f\u0131daki i\u00e7erikler yasakt\u0131r:<\/p><ul data-start=\"4431\" data-end=\"4647\"><li data-start=\"4431\" data-end=\"4454\"><p data-start=\"4433\" data-end=\"4454\">Zarar verici i\u00e7erik<\/p><\/li><li data-start=\"4455\" data-end=\"4474\"><p data-start=\"4457\" data-end=\"4474\">Taciz, zorbal\u0131k<\/p><\/li><li data-start=\"4475\" data-end=\"4490\"><p data-start=\"4477\" data-end=\"4490\">K\u00fcf\u00fcrl\u00fc dil<\/p><\/li><li data-start=\"4491\" data-end=\"4521\"><p data-start=\"4493\" data-end=\"4521\">Yasa d\u0131\u015f\u0131 faaliyet te\u015fviki<\/p><\/li><li data-start=\"4522\" data-end=\"4553\"><p data-start=\"4524\" data-end=\"4553\">Kendine zarar verme te\u015fviki<\/p><\/li><li data-start=\"4554\" data-end=\"4574\"><p data-start=\"4556\" data-end=\"4574\">M\u00fcstehcen i\u00e7erik<\/p><\/li><li data-start=\"4575\" data-end=\"4585\"><p data-start=\"4577\" data-end=\"4585\">Tehdit<\/p><\/li><li data-start=\"4586\" data-end=\"4615\"><p data-start=\"4588\" data-end=\"4615\">Irk\u00e7\u0131 veya ayr\u0131mc\u0131 i\u00e7erik<\/p><\/li><li data-start=\"4616\" data-end=\"4624\"><p data-start=\"4618\" data-end=\"4624\">Spam<\/p><\/li><li data-start=\"4625\" data-end=\"4647\"><p data-start=\"4627\" data-end=\"4647\">Telif hakk\u0131 ihlali<\/p><\/li><\/ul><p data-start=\"4649\" data-end=\"4731\">BeFriend, uygunsuz i\u00e7eri\u011fi \u00f6nceden bildirim yapmadan kald\u0131rma hakk\u0131n\u0131 sakl\u0131 tutar.<\/p><h6 data-start=\"4738\" data-end=\"4751\">X. Gizlilik<\/h6><p data-start=\"4753\" data-end=\"4824\">Bilgilerinizin nas\u0131l i\u015flendi\u011fini Gizlilik Politikam\u0131zda bulabilirsiniz.<\/p><p data-start=\"4826\" data-end=\"4984\">Rehber gibi baz\u0131 bilgilere eri\u015fim i\u00e7in a\u00e7\u0131k r\u0131zan\u0131z gerekir. Hesab\u0131n\u0131z\u0131 veya bilgilerinizi silmek i\u00e7in <a class=\"decorated-link cursor-pointer\" rel=\"noopener\" data-start=\"4929\" data-end=\"4948\">support@befriend.cc<\/a> adresiyle ileti\u015fime ge\u00e7ebilirsiniz.<\/p><h6 data-start=\"4991\" data-end=\"5016\">XI. Di\u011fer Haklara Sayg\u0131<\/h6><p data-start=\"5018\" data-end=\"5086\">Ba\u015fkalar\u0131n\u0131n telif, gizlilik veya marka haklar\u0131n\u0131 ihlal edemezsiniz.<\/p><h6 data-start=\"5093\" data-end=\"5113\">XII. Sat\u0131n Al\u0131mlar<\/h6><p data-start=\"5115\" data-end=\"5207\">Uygulama i\u00e7i sat\u0131n al\u0131mlar iTunes, Google Play veya do\u011frudan faturalama yoluyla yap\u0131labilir.<\/p><p data-start=\"5209\" data-end=\"5274\">Otomatik yenilenen abonelikler, siz iptal edene kadar devam eder.<\/p><p data-start=\"5276\" data-end=\"5351\">Sanal \u00f6\u011feler (Gems vb.) ger\u00e7ek para kar\u015f\u0131l\u0131\u011f\u0131 de\u011fildir ve geri \u00f6demesizdir.<\/p><h6 data-start=\"5358\" data-end=\"5377\">XIII. Telif Hakk\u0131<\/h6><p data-start=\"5379\" data-end=\"5456\">BeFriend, telif haklar\u0131na sayg\u0131 g\u00f6sterir ve ihlal durumunda i\u00e7eri\u011fi kald\u0131r\u0131r.<\/p><h6 data-start=\"5463\" data-end=\"5484\">XIV. Veri \u00dccretleri<\/h6><p data-start=\"5486\" data-end=\"5556\">Mobil kullan\u0131mda veri \u00fccretleri operat\u00f6r\u00fcn\u00fcz taraf\u0131ndan uygulanabilir.<\/p><h6 data-start=\"5563\" data-end=\"5601\">XV. Hizmetin De\u011fi\u015ftirilmesi ve Fesih<\/h6><p data-start=\"5603\" data-end=\"5669\">BeFriend, Hizmeti de\u011fi\u015ftirme veya sonland\u0131rma hakk\u0131n\u0131 sakl\u0131 tutar.<\/p><p data-start=\"5671\" data-end=\"5730\">\u015eartlara ayk\u0131r\u0131 kullan\u0131m durumunda hesap sonland\u0131r\u0131labilir.<\/p><h6 data-start=\"5737\" data-end=\"5752\">XVI. Tazminat<\/h6><p data-start=\"5754\" data-end=\"5847\">Hizmeti kullan\u0131m\u0131n\u0131zdan do\u011fabilecek taleplere kar\u015f\u0131 BeFriend\u2019i tazmin etmeyi kabul edersiniz.<\/p><h6 data-start=\"5854\" data-end=\"5878\">XVII. Sorumluluk Reddi<\/h6><p data-start=\"5880\" data-end=\"5970\">H\u0130ZMET \u201cOLDU\u011eU G\u0130B\u0130\u201d SUNULUR.<br data-start=\"5909\" data-end=\"5912\" \/>BeFriend, kesintisiz veya hatas\u0131z hizmet garantisi vermez.<\/p><h6 data-start=\"5977\" data-end=\"6016\">XVIII. Sorumlulu\u011fun S\u0131n\u0131rland\u0131r\u0131lmas\u0131<\/h6><p data-start=\"6018\" data-end=\"6116\">Y\u00fcr\u00fcrl\u00fckteki hukukun izin verdi\u011fi \u00f6l\u00e7\u00fcde BeFriend, dolayl\u0131 veya \u00f6zel zararlardan sorumlu de\u011fildir.<\/p><p data-start=\"6118\" data-end=\"6194\">Toplam sorumluluk, son 12 ay i\u00e7inde \u00f6dedi\u011finiz tutar\u0131 veya 100 USD\u2019yi a\u015fmaz.<\/p><h6 data-start=\"6201\" data-end=\"6226\">XIX. S\u00f6zle\u015fmenin Tamam\u0131<\/h6><p data-start=\"6228\" data-end=\"6315\">Bu \u015eartlar ve ilgili politikalar BeFriend ile aran\u0131zdaki ili\u015fkinin tamam\u0131n\u0131 olu\u015fturur.<\/p><h6 data-start=\"6322\" data-end=\"6336\">XX. \u0130leti\u015fim<\/h6><p data-start=\"6338\" data-end=\"6377\">Sorular\u0131n\u0131z i\u00e7in:<br data-start=\"6355\" data-end=\"6358\" \/><a class=\"decorated-link cursor-pointer\" rel=\"noopener\" data-start=\"6358\" data-end=\"6377\">support@befriend.cc<\/a><\/p>\t\t\t\t\t\t\t\t<\/div>\n\t\t\t\t\t<\/div>\n\t\t\t\t<\/div>\n\t\t\t\t<\/div>\n\t\t","protected":false},"excerpt":{"rendered":"<p>Kullan\u0131m \u015eartlar\u0131 Hizmet \u015eartlar\u0131m\u0131za Ho\u015f Geldiniz! BeFriend uygulamas\u0131 (\u201cBeFriend Platformu\u201d), web sitesi (\u201cSite\u201d) ve BeFriend Platformu ile Site \u00fczerinden sunulan [&hellip;]<\/p>\n","protected":false},"author":264833920,"featured_media":0,"parent":0,"menu_order":0,"comment_status":"closed","ping_status":"closed","template":"","meta":{"_crdt_document":"","_exactmetrics_skip_tracking":false,"_exactmetrics_sitenote_active":false,"_exactmetrics_sitenote_note":"","_exactmetrics_sitenote_category":0,"site-sidebar-layout":"no-sidebar","site-content-layout":"","ast-site-content-layout":"full-width-container","site-content-style":"default","site-sidebar-style":"default","ast-global-header-display":"","ast-banner-title-visibility":"","ast-main-header-display":"","ast-hfb-above-header-display":"","ast-hfb-below-header-display":"","ast-hfb-mobile-header-display":"","site-post-title":"disabled","ast-breadcrumbs-content":"","ast-featured-img":"disabled","footer-sml-layout":"","theme-transparent-header-meta":"","adv-header-id-meta":"","stick-header-meta":"","header-above-stick-meta":"","header-main-stick-meta":"","header-below-stick-meta":"","astra-migrate-meta-layouts":"default","ast-page-background-enabled":"default","ast-page-background-meta":{"desktop":{"background-color":"var(--ast-global-color-5)","background-image":"","background-repeat":"repeat","background-position":"center center","background-size":"auto","background-attachment":"scroll","background-type":"","background-media":"","overlay-type":"","overlay-color":"","overlay-opacity":"","overlay-gradient":""},"tablet":{"background-color":"","background-image":"","background-repeat":"repeat","background-position":"center center","background-size":"auto","background-attachment":"scroll","background-type":"","background-media":"","overlay-type":"","overlay-color":"","overlay-opacity":"","overlay-gradient":""},"mobile":{"background-color":"","background-image":"","background-repeat":"repeat","background-position":"center center","background-size":"auto","background-attachment":"scroll","background-type":"","background-media":"","overlay-type":"","overlay-color":"","overlay-opacity":"","overlay-gradient":""}},"ast-content-background-meta":{"desktop":{"background-color":"var(--ast-global-color-4)","background-image":"","background-repeat":"repeat","background-position":"center center","background-size":"auto","background-attachment":"scroll","background-type":"","background-media":"","overlay-type":"","overlay-color":"","overlay-opacity":"","overlay-gradient":""},"tablet":{"background-color":"var(--ast-global-color-4)","background-image":"","background-repeat":"repeat","background-position":"center center","background-size":"auto","background-attachment":"scroll","background-type":"","background-media":"","overlay-type":"","overlay-color":"","overlay-opacity":"","overlay-gradient":""},"mobile":{"background-color":"var(--ast-global-color-4)","background-image":"","background-repeat":"repeat","background-position":"center center","background-size":"auto","background-attachment":"scroll","background-type":"","background-media":"","overlay-type":"","overlay-color":"","overlay-opacity":"","overlay-gradient":""}},"jetpack_post_was_ever_published":false,"footnotes":""},"class_list":["post-8191","page","type-page","status-publish","hentry"],"jetpack_sharing_enabled":true,"jetpack_likes_enabled":false,"jetpack_shortlink":"https:\/\/wp.me\/PgtWOn-287","_links":{"self":[{"href":"https:\/\/befriend.cc\/tr\/wp-json\/wp\/v2\/pages\/8191","targetHints":{"allow":["GET"]}}],"collection":[{"href":"https:\/\/befriend.cc\/tr\/wp-json\/wp\/v2\/pages"}],"about":[{"href":"https:\/\/befriend.cc\/tr\/wp-json\/wp\/v2\/types\/page"}],"author":[{"embeddable":true,"href":"https:\/\/befriend.cc\/tr\/wp-json\/wp\/v2\/users\/264833920"}],"replies":[{"embeddable":true,"href":"https:\/\/befriend.cc\/tr\/wp-json\/wp\/v2\/comments?post=8191"}],"version-history":[{"count":15,"href":"https:\/\/befriend.cc\/tr\/wp-json\/wp\/v2\/pages\/8191\/revisions"}],"predecessor-version":[{"id":8208,"href":"https:\/\/befriend.cc\/tr\/wp-json\/wp\/v2\/pages\/8191\/revisions\/8208"}],"wp:attachment":[{"href":"https:\/\/befriend.cc\/tr\/wp-json\/wp\/v2\/media?parent=8191"}],"curies":[{"name":"wp","href":"https:\/\/api.w.org\/{rel}","templated":true}]}}